{"id":21,"date":"2022-10-03T16:07:04","date_gmt":"2022-10-03T14:07:04","guid":{"rendered":"http:\/\/www.milbts.com\/BTS240\/?page_id=21"},"modified":"2023-03-20T16:02:59","modified_gmt":"2023-03-20T15:02:59","slug":"mouflon","status":"publish","type":"page","link":"http:\/\/www.milbts.com\/BTS240\/mouflon\/","title":{"rendered":"Mouflon"},"content":{"rendered":"\n<p class=\"has-text-align-left\">Mouflon\u00a0est un\u00a0nom vernaculaire \u00a0ambigu en\u00a0fran\u00e7ais . Les\u00a0mouflons\u00a0sont des\u00a0ovins\u00a0sauvages appartenant au genre\u00a0Ovis\u00a0et dont d\u00e9rive le mouton domestique . Ce sont des ruminants \u00a0sauvages, qui appartiennent \u00e0 la famille des\u00a0Bovidae\u00a0et \u00e0 la sous-famille des Caprinae. Leur pelage compos\u00e9 de poils ras beige clair en \u00e9t\u00e9 et marron fonc\u00e9 en hiver. La pr\u00e9sence d\u2019une tache blanche sur le flanc appel\u00e9e la selle n\u2019est pas syst\u00e9matique chez tous les individus. Le m\u00e2le poss\u00e8de des cornes persistantes qui apparaissent \u00e0 l\u2019\u00e2ge de 3-4 mois. Elles sont triangulaires \u00e0 la base et s\u2019enroulent au fil des ann\u00e9es. Le m\u00e2le est appel\u00e9 le b\u00e9lier, la femelle la brebis, le jeune de l\u2019ann\u00e9e l\u2019agneau<\/p>\n\n\n\n<figure class=\"wp-block-image size-full\"><img loading=\"lazy\" decoding=\"async\" width=\"640\" height=\"400\" src=\"http:\/\/www.milbts.com\/BTS240\/wp-content\/uploads\/2022\/10\/Mouflon.jpg\" alt=\"\" class=\"wp-image-30\" srcset=\"http:\/\/www.milbts.com\/BTS240\/wp-content\/uploads\/2022\/10\/Mouflon.jpg 640w, http:\/\/www.milbts.com\/BTS240\/wp-content\/uploads\/2022\/10\/Mouflon-300x188.jpg 300w, http:\/\/www.milbts.com\/BTS240\/wp-content\/uploads\/2022\/10\/Mouflon-400x250.jpg 400w\" sizes=\"(max-width: 640px) 100vw, 640px\" \/><\/figure>\n\n\n\n<figure class=\"wp-block-image size-full\"><img loading=\"lazy\" decoding=\"async\" width=\"141\" height=\"357\" src=\"https:\/\/www.milbts.com\/BTS240\/wp-content\/uploads\/2023\/03\/image.png\" alt=\"\" class=\"wp-image-94\" srcset=\"http:\/\/www.milbts.com\/BTS240\/wp-content\/uploads\/2023\/03\/image.png 141w, http:\/\/www.milbts.com\/BTS240\/wp-content\/uploads\/2023\/03\/image-118x300.png 118w\" sizes=\"(max-width: 141px) 100vw, 141px\" \/><\/figure>\n\n\n\n<p>Les caract\u00e9ristiques physiques du mouflon sont\u00a0:<\/p>\n\n\n\n<ul>\n<li>poids des cornes&nbsp;: 6 \u00e0 13&nbsp;kg<\/li>\n\n\n\n<li>poids adulte&nbsp;: 25 \u00e0 50&nbsp;kg&nbsp;(150&nbsp;kg&nbsp;et plus chez l&rsquo;argali)<\/li>\n\n\n\n<li>longueur des cornes du m\u00e2le\u00a0: 85 \u00e0 125\u00a0cm\u00a0(jusqu&rsquo;\u00e0 190\u00a0cm\u00a0chez l&rsquo;argali) 15cm maximum pour la femelle <\/li>\n\n\n\n<li>taille au&nbsp;garrot&nbsp;: 65 \u00e0 75 cm<\/li>\n\n\n\n<li>vitesse de pointe&nbsp;:&nbsp;60&nbsp;km\/h&nbsp;il s&rsquo;agit de la vitesse maximum des mouflons m\u00e9diterran\u00e9ens ou mouflons europ\u00e9ens ainsi que les mouflons d&rsquo;Am\u00e9rique qui sont tr\u00e8s rapides \u00e0 la course, et tr\u00e8s muscl\u00e9s.<\/li>\n<\/ul>\n\n\n\n<p>Le mouflon vit g\u00e9n\u00e9ralement en petit groupe familial de cinq \u00e0 trente individus. Comme ces animaux vivent en altitude, ils sont tr\u00e8s peu familiers avec l&rsquo;\u00eatre humain &nbsp;et sont donc tr\u00e8s farouches. Au point qu&rsquo;en Am\u00e9rique du Nord et en Asie, le mouflon est un troph\u00e9e de chasse exceptionnel.<\/p>\n\n\n\n<figure class=\"wp-block-image size-full is-resized\"><img loading=\"lazy\" decoding=\"async\" src=\"https:\/\/www.milbts.com\/BTS240\/wp-content\/uploads\/2023\/01\/image-4.png\" alt=\"\" class=\"wp-image-76\" width=\"153\" height=\"229\" srcset=\"http:\/\/www.milbts.com\/BTS240\/wp-content\/uploads\/2023\/01\/image-4.png 367w, http:\/\/www.milbts.com\/BTS240\/wp-content\/uploads\/2023\/01\/image-4-200x300.png 200w\" sizes=\"(max-width: 153px) 100vw, 153px\" \/><figcaption class=\"wp-element-caption\">L&#8217;empreinte du mouflon tr\u00e8s similaire a celle du chevreuil, le seul petit point qui change et qui peux d\u00e9terminer que c&rsquo;est un mouflon c&rsquo;est l&rsquo;\u00e9cartement au bout de ces sabot, celle du chevreuil est beaucoup serre mais cale reste complique de bien diff\u00e9rencier les deux <\/figcaption><\/figure>\n\n\n\n<p>Au printemps, au vue d\u2019un combat entre deux m\u00e2les puissants et de force \u00e9gale constitue un spectacle inoubliable. Apr\u00e8s s\u2019\u00eatre \u00e9loign\u00e9s de 10 \u00e0 12\u00a0m, les animaux se ruent l\u2019un sur l\u2019autre t\u00eate premi\u00e8re. Le choc peut parfois \u00eatre entendu \u00e0 plus d\u2019un kilom\u00e8tre. Heureusement, la double couche osseuse du sommet du cr\u00e2ne prot\u00e8ge leur cerveau. Habituellement, ils s\u2019en tirent sans autre dommage qu\u2019un craqu\u00e8lement de l\u2019extr\u00e9mit\u00e9 des cornes  <\/p>\n","protected":false},"excerpt":{"rendered":"<p>Mouflon\u00a0est un\u00a0nom vernaculaire \u00a0ambigu en\u00a0fran\u00e7ais . Les\u00a0mouflons\u00a0sont des\u00a0ovins\u00a0sauvages appartenant au genre\u00a0Ovis\u00a0et dont d\u00e9rive le mouton domestique . Ce sont des ruminants \u00a0sauvages, qui appartiennent \u00e0 la famille des\u00a0Bovidae\u00a0et \u00e0 la sous-famille des Caprinae. Leur pelage compos\u00e9 de poils ras beige clair en \u00e9t\u00e9 et marron fonc\u00e9 en hiver. La pr\u00e9sence d\u2019une tache blanche sur le [&hellip;]<\/p>\n","protected":false},"author":1,"featured_media":0,"parent":0,"menu_order":0,"comment_status":"closed","ping_status":"closed","template":"","meta":{"footnotes":""},"yoast_head":"<!-- This site is optimized with the Yoast SEO plugin v19.14 - https:\/\/yoast.com\/wordpress\/plugins\/seo\/ -->\n<title>Mouflon - reco.gibier<\/title>\n<meta name=\"robots\" content=\"index, follow, max-snippet:-1, max-image-preview:large, max-video-preview:-1\" \/>\n<link rel=\"canonical\" href=\"http:\/\/www.milbts.com\/BTS240\/mouflon\/\" \/>\n<meta property=\"og:locale\" content=\"fr_FR\" \/>\n<meta property=\"og:type\" content=\"article\" \/>\n<meta property=\"og:title\" content=\"Mouflon - reco.gibier\" \/>\n<meta property=\"og:description\" content=\"Mouflon\u00a0est un\u00a0nom vernaculaire \u00a0ambigu en\u00a0fran\u00e7ais . Les\u00a0mouflons\u00a0sont des\u00a0ovins\u00a0sauvages appartenant au genre\u00a0Ovis\u00a0et dont d\u00e9rive le mouton domestique . Ce sont des ruminants \u00a0sauvages, qui appartiennent \u00e0 la famille des\u00a0Bovidae\u00a0et \u00e0 la sous-famille des Caprinae. Leur pelage compos\u00e9 de poils ras beige clair en \u00e9t\u00e9 et marron fonc\u00e9 en hiver. La pr\u00e9sence d\u2019une tache blanche sur le [&hellip;]\" \/>\n<meta property=\"og:url\" content=\"http:\/\/www.milbts.com\/BTS240\/mouflon\/\" \/>\n<meta property=\"og:site_name\" content=\"reco.gibier\" \/>\n<meta property=\"article:modified_time\" content=\"2023-03-20T15:02:59+00:00\" \/>\n<meta property=\"og:image\" content=\"http:\/\/www.milbts.com\/BTS240\/wp-content\/uploads\/2022\/10\/Mouflon.jpg\" \/>\n<meta name=\"twitter:card\" content=\"summary_large_image\" \/>\n<meta name=\"twitter:label1\" content=\"Dur\u00e9e de lecture estim\u00e9e\" \/>\n\t<meta name=\"twitter:data1\" content=\"3 minutes\" \/>\n<script type=\"application\/ld+json\" class=\"yoast-schema-graph\">{\"@context\":\"https:\/\/schema.org\",\"@graph\":[{\"@type\":\"WebPage\",\"@id\":\"http:\/\/www.milbts.com\/BTS240\/mouflon\/\",\"url\":\"http:\/\/www.milbts.com\/BTS240\/mouflon\/\",\"name\":\"Mouflon - reco.gibier\",\"isPartOf\":{\"@id\":\"http:\/\/www.milbts.com\/BTS240\/#website\"},\"datePublished\":\"2022-10-03T14:07:04+00:00\",\"dateModified\":\"2023-03-20T15:02:59+00:00\",\"breadcrumb\":{\"@id\":\"http:\/\/www.milbts.com\/BTS240\/mouflon\/#breadcrumb\"},\"inLanguage\":\"fr-FR\",\"potentialAction\":[{\"@type\":\"ReadAction\",\"target\":[\"http:\/\/www.milbts.com\/BTS240\/mouflon\/\"]}]},{\"@type\":\"BreadcrumbList\",\"@id\":\"http:\/\/www.milbts.com\/BTS240\/mouflon\/#breadcrumb\",\"itemListElement\":[{\"@type\":\"ListItem\",\"position\":1,\"name\":\"Accueil\",\"item\":\"http:\/\/www.milbts.com\/BTS240\/\"},{\"@type\":\"ListItem\",\"position\":2,\"name\":\"Mouflon\"}]},{\"@type\":\"WebSite\",\"@id\":\"http:\/\/www.milbts.com\/BTS240\/#website\",\"url\":\"http:\/\/www.milbts.com\/BTS240\/\",\"name\":\"reco.gibier\",\"description\":\"la reco du gibier pour meiux etre connecte a la for\u00eat\",\"potentialAction\":[{\"@type\":\"SearchAction\",\"target\":{\"@type\":\"EntryPoint\",\"urlTemplate\":\"http:\/\/www.milbts.com\/BTS240\/?s={search_term_string}\"},\"query-input\":\"required name=search_term_string\"}],\"inLanguage\":\"fr-FR\"}]}<\/script>\n<!-- \/ Yoast SEO plugin. -->","yoast_head_json":{"title":"Mouflon - reco.gibier","robots":{"index":"index","follow":"follow","max-snippet":"max-snippet:-1","max-image-preview":"max-image-preview:large","max-video-preview":"max-video-preview:-1"},"canonical":"http:\/\/www.milbts.com\/BTS240\/mouflon\/","og_locale":"fr_FR","og_type":"article","og_title":"Mouflon - reco.gibier","og_description":"Mouflon\u00a0est un\u00a0nom vernaculaire \u00a0ambigu en\u00a0fran\u00e7ais . Les\u00a0mouflons\u00a0sont des\u00a0ovins\u00a0sauvages appartenant au genre\u00a0Ovis\u00a0et dont d\u00e9rive le mouton domestique . Ce sont des ruminants \u00a0sauvages, qui appartiennent \u00e0 la famille des\u00a0Bovidae\u00a0et \u00e0 la sous-famille des Caprinae. Leur pelage compos\u00e9 de poils ras beige clair en \u00e9t\u00e9 et marron fonc\u00e9 en hiver. La pr\u00e9sence d\u2019une tache blanche sur le [&hellip;]","og_url":"http:\/\/www.milbts.com\/BTS240\/mouflon\/","og_site_name":"reco.gibier","article_modified_time":"2023-03-20T15:02:59+00:00","og_image":[{"url":"http:\/\/www.milbts.com\/BTS240\/wp-content\/uploads\/2022\/10\/Mouflon.jpg"}],"twitter_card":"summary_large_image","twitter_misc":{"Dur\u00e9e de lecture estim\u00e9e":"3 minutes"},"schema":{"@context":"https:\/\/schema.org","@graph":[{"@type":"WebPage","@id":"http:\/\/www.milbts.com\/BTS240\/mouflon\/","url":"http:\/\/www.milbts.com\/BTS240\/mouflon\/","name":"Mouflon - reco.gibier","isPartOf":{"@id":"http:\/\/www.milbts.com\/BTS240\/#website"},"datePublished":"2022-10-03T14:07:04+00:00","dateModified":"2023-03-20T15:02:59+00:00","breadcrumb":{"@id":"http:\/\/www.milbts.com\/BTS240\/mouflon\/#breadcrumb"},"inLanguage":"fr-FR","potentialAction":[{"@type":"ReadAction","target":["http:\/\/www.milbts.com\/BTS240\/mouflon\/"]}]},{"@type":"BreadcrumbList","@id":"http:\/\/www.milbts.com\/BTS240\/mouflon\/#breadcrumb","itemListElement":[{"@type":"ListItem","position":1,"name":"Accueil","item":"http:\/\/www.milbts.com\/BTS240\/"},{"@type":"ListItem","position":2,"name":"Mouflon"}]},{"@type":"WebSite","@id":"http:\/\/www.milbts.com\/BTS240\/#website","url":"http:\/\/www.milbts.com\/BTS240\/","name":"reco.gibier","description":"la reco du gibier pour meiux etre connecte a la for\u00eat","potentialAction":[{"@type":"SearchAction","target":{"@type":"EntryPoint","urlTemplate":"http:\/\/www.milbts.com\/BTS240\/?s={search_term_string}"},"query-input":"required name=search_term_string"}],"inLanguage":"fr-FR"}]}},"_links":{"self":[{"href":"http:\/\/www.milbts.com\/BTS240\/wp-json\/wp\/v2\/pages\/21"}],"collection":[{"href":"http:\/\/www.milbts.com\/BTS240\/wp-json\/wp\/v2\/pages"}],"about":[{"href":"http:\/\/www.milbts.com\/BTS240\/wp-json\/wp\/v2\/types\/page"}],"author":[{"embeddable":true,"href":"http:\/\/www.milbts.com\/BTS240\/wp-json\/wp\/v2\/users\/1"}],"replies":[{"embeddable":true,"href":"http:\/\/www.milbts.com\/BTS240\/wp-json\/wp\/v2\/comments?post=21"}],"version-history":[{"count":4,"href":"http:\/\/www.milbts.com\/BTS240\/wp-json\/wp\/v2\/pages\/21\/revisions"}],"predecessor-version":[{"id":95,"href":"http:\/\/www.milbts.com\/BTS240\/wp-json\/wp\/v2\/pages\/21\/revisions\/95"}],"wp:attachment":[{"href":"http:\/\/www.milbts.com\/BTS240\/wp-json\/wp\/v2\/media?parent=21"}],"curies":[{"name":"wp","href":"https:\/\/api.w.org\/{rel}","templated":true}]}}