{"id":19,"date":"2022-10-03T16:06:50","date_gmt":"2022-10-03T14:06:50","guid":{"rendered":"http:\/\/www.milbts.com\/BTS240\/?page_id=19"},"modified":"2022-11-28T15:39:56","modified_gmt":"2022-11-28T14:39:56","slug":"daim","status":"publish","type":"page","link":"http:\/\/www.milbts.com\/BTS240\/daim\/","title":{"rendered":"Daim"},"content":{"rendered":"\n<p>Le daim est un animal de taille plut\u00f4t grande. Le\u00a0daim<strong> <\/strong>europ\u00e9en\u00a0est une\u00a0esp\u00e8ce \u00a0de\u00a0mammif\u00e8res artiodactyles ruminants\u00a0de la famille des cervid\u00e9s\u00a0, le m\u00e2le portant de grands\u00a0bois\u00a0plats et palm\u00e9s Les m\u00e2les mesurent de 135\u00a0\u00e0 165\u00a0cm\u00a0de longueur, <\/p>\n\n\n\n<figure class=\"wp-block-image size-large\"><img loading=\"lazy\" decoding=\"async\" width=\"1024\" height=\"753\" src=\"https:\/\/www.milbts.com\/BTS240\/wp-content\/uploads\/2022\/11\/image-1024x753.png\" alt=\"\" class=\"wp-image-39\" srcset=\"http:\/\/www.milbts.com\/BTS240\/wp-content\/uploads\/2022\/11\/image-1024x753.png 1024w, http:\/\/www.milbts.com\/BTS240\/wp-content\/uploads\/2022\/11\/image-300x220.png 300w, http:\/\/www.milbts.com\/BTS240\/wp-content\/uploads\/2022\/11\/image-768x564.png 768w, http:\/\/www.milbts.com\/BTS240\/wp-content\/uploads\/2022\/11\/image-1536x1129.png 1536w, http:\/\/www.milbts.com\/BTS240\/wp-content\/uploads\/2022\/11\/image-2048x1505.png 2048w, http:\/\/www.milbts.com\/BTS240\/wp-content\/uploads\/2022\/11\/image-1870x1374.png 1870w, http:\/\/www.milbts.com\/BTS240\/wp-content\/uploads\/2022\/11\/image-400x294.png 400w, http:\/\/www.milbts.com\/BTS240\/wp-content\/uploads\/2022\/11\/image-800x588.png 800w\" sizes=\"(max-width: 1024px) 100vw, 1024px\" \/><\/figure>\n\n\n\n<p><strong>Poids des cornes:<\/strong>  le poids de ces bois peux vari\u00e9s de 4 \u00e0 7 kilogrammes <\/p>\n\n\n\n<p><strong>Hauteur de garrot<\/strong>: 85\u00a0cm\u00a0\u00e0 1\u00a0m\u00a0de hauteur au\u00a0garrot, 115\u00a0\u00e0 130\u00a0cm\u00a0au sommet de la t\u00eate <\/p>\n\n\n\n<p> <strong>Poids adulte<\/strong>: leurs poids varient de 45\u00a0\u00e0 90\u00a0kg\u00a0(60\u00a0kg\u00a0en moyenne) selon les individus. Les femelles, appel\u00e9es \u00ab\u00a0daines\u00a0\u00bb, sont plus petites et plus l\u00e9g\u00e8re<\/p>\n\n\n\n<p><strong>Vitesse de pointe:<\/strong> ils peuvent courir a 24 kilom\u00e8tre par heure en vitesse normal et peuvent courir jusqu&rsquo;\u00e0 50 kilom\u00e8tre par heure <\/p>\n\n\n\n<p>Seul le m\u00e2le porte des\u00a0bois\u00a0plats (palmures), qui tombent chaque ann\u00e9e en avril\/mai<\/p>\n\n\n\n<p>Les\u00a0biotopes\u00a0classiques des daims sont assez diversifi\u00e9s, ils aiment les for\u00eats\u00a0\u00a0mixtes ou claires de feuillus\u00a0, les prairies arbustives ou rases, les montagnes basses et vallonn\u00e9es o\u00f9 ils vivent en hardes de 6\u00a0\u00e0 50\u00a0individus dirig\u00e9es par une vieille femelle<\/p>\n","protected":false},"excerpt":{"rendered":"<p>Le daim est un animal de taille plut\u00f4t grande. Le\u00a0daim europ\u00e9en\u00a0est une\u00a0esp\u00e8ce \u00a0de\u00a0mammif\u00e8res artiodactyles ruminants\u00a0de la famille des cervid\u00e9s\u00a0, le m\u00e2le portant de grands\u00a0bois\u00a0plats et palm\u00e9s Les m\u00e2les mesurent de 135\u00a0\u00e0 165\u00a0cm\u00a0de longueur, Poids des cornes: le poids de ces bois peux vari\u00e9s de 4 \u00e0 7 kilogrammes Hauteur de garrot: 85\u00a0cm\u00a0\u00e0 1\u00a0m\u00a0de hauteur au\u00a0garrot, [&hellip;]<\/p>\n","protected":false},"author":1,"featured_media":0,"parent":0,"menu_order":0,"comment_status":"closed","ping_status":"closed","template":"","meta":{"footnotes":""},"yoast_head":"<!-- This site is optimized with the Yoast SEO plugin v19.14 - https:\/\/yoast.com\/wordpress\/plugins\/seo\/ -->\n<title>Daim - reco.gibier<\/title>\n<meta name=\"robots\" content=\"index, follow, max-snippet:-1, max-image-preview:large, max-video-preview:-1\" \/>\n<link rel=\"canonical\" href=\"http:\/\/www.milbts.com\/BTS240\/daim\/\" \/>\n<meta property=\"og:locale\" content=\"fr_FR\" \/>\n<meta property=\"og:type\" content=\"article\" \/>\n<meta property=\"og:title\" content=\"Daim - reco.gibier\" \/>\n<meta property=\"og:description\" content=\"Le daim est un animal de taille plut\u00f4t grande. Le\u00a0daim europ\u00e9en\u00a0est une\u00a0esp\u00e8ce \u00a0de\u00a0mammif\u00e8res artiodactyles ruminants\u00a0de la famille des cervid\u00e9s\u00a0, le m\u00e2le portant de grands\u00a0bois\u00a0plats et palm\u00e9s Les m\u00e2les mesurent de 135\u00a0\u00e0 165\u00a0cm\u00a0de longueur, Poids des cornes: le poids de ces bois peux vari\u00e9s de 4 \u00e0 7 kilogrammes Hauteur de garrot: 85\u00a0cm\u00a0\u00e0 1\u00a0m\u00a0de hauteur au\u00a0garrot, [&hellip;]\" \/>\n<meta property=\"og:url\" content=\"http:\/\/www.milbts.com\/BTS240\/daim\/\" \/>\n<meta property=\"og:site_name\" content=\"reco.gibier\" \/>\n<meta property=\"article:modified_time\" content=\"2022-11-28T14:39:56+00:00\" \/>\n<meta property=\"og:image\" content=\"https:\/\/www.milbts.com\/BTS240\/wp-content\/uploads\/2022\/11\/image-1024x753.png\" \/>\n<meta name=\"twitter:card\" content=\"summary_large_image\" \/>\n<meta name=\"twitter:label1\" content=\"Dur\u00e9e de lecture estim\u00e9e\" \/>\n\t<meta name=\"twitter:data1\" content=\"1 minute\" \/>\n<script type=\"application\/ld+json\" class=\"yoast-schema-graph\">{\"@context\":\"https:\/\/schema.org\",\"@graph\":[{\"@type\":\"WebPage\",\"@id\":\"http:\/\/www.milbts.com\/BTS240\/daim\/\",\"url\":\"http:\/\/www.milbts.com\/BTS240\/daim\/\",\"name\":\"Daim - reco.gibier\",\"isPartOf\":{\"@id\":\"http:\/\/www.milbts.com\/BTS240\/#website\"},\"datePublished\":\"2022-10-03T14:06:50+00:00\",\"dateModified\":\"2022-11-28T14:39:56+00:00\",\"breadcrumb\":{\"@id\":\"http:\/\/www.milbts.com\/BTS240\/daim\/#breadcrumb\"},\"inLanguage\":\"fr-FR\",\"potentialAction\":[{\"@type\":\"ReadAction\",\"target\":[\"http:\/\/www.milbts.com\/BTS240\/daim\/\"]}]},{\"@type\":\"BreadcrumbList\",\"@id\":\"http:\/\/www.milbts.com\/BTS240\/daim\/#breadcrumb\",\"itemListElement\":[{\"@type\":\"ListItem\",\"position\":1,\"name\":\"Accueil\",\"item\":\"http:\/\/www.milbts.com\/BTS240\/\"},{\"@type\":\"ListItem\",\"position\":2,\"name\":\"Daim\"}]},{\"@type\":\"WebSite\",\"@id\":\"http:\/\/www.milbts.com\/BTS240\/#website\",\"url\":\"http:\/\/www.milbts.com\/BTS240\/\",\"name\":\"reco.gibier\",\"description\":\"la reco du gibier pour meiux etre connecte a la for\u00eat\",\"potentialAction\":[{\"@type\":\"SearchAction\",\"target\":{\"@type\":\"EntryPoint\",\"urlTemplate\":\"http:\/\/www.milbts.com\/BTS240\/?s={search_term_string}\"},\"query-input\":\"required name=search_term_string\"}],\"inLanguage\":\"fr-FR\"}]}<\/script>\n<!-- \/ Yoast SEO plugin. -->","yoast_head_json":{"title":"Daim - reco.gibier","robots":{"index":"index","follow":"follow","max-snippet":"max-snippet:-1","max-image-preview":"max-image-preview:large","max-video-preview":"max-video-preview:-1"},"canonical":"http:\/\/www.milbts.com\/BTS240\/daim\/","og_locale":"fr_FR","og_type":"article","og_title":"Daim - reco.gibier","og_description":"Le daim est un animal de taille plut\u00f4t grande. Le\u00a0daim europ\u00e9en\u00a0est une\u00a0esp\u00e8ce \u00a0de\u00a0mammif\u00e8res artiodactyles ruminants\u00a0de la famille des cervid\u00e9s\u00a0, le m\u00e2le portant de grands\u00a0bois\u00a0plats et palm\u00e9s Les m\u00e2les mesurent de 135\u00a0\u00e0 165\u00a0cm\u00a0de longueur, Poids des cornes: le poids de ces bois peux vari\u00e9s de 4 \u00e0 7 kilogrammes Hauteur de garrot: 85\u00a0cm\u00a0\u00e0 1\u00a0m\u00a0de hauteur au\u00a0garrot, [&hellip;]","og_url":"http:\/\/www.milbts.com\/BTS240\/daim\/","og_site_name":"reco.gibier","article_modified_time":"2022-11-28T14:39:56+00:00","og_image":[{"url":"https:\/\/www.milbts.com\/BTS240\/wp-content\/uploads\/2022\/11\/image-1024x753.png"}],"twitter_card":"summary_large_image","twitter_misc":{"Dur\u00e9e de lecture estim\u00e9e":"1 minute"},"schema":{"@context":"https:\/\/schema.org","@graph":[{"@type":"WebPage","@id":"http:\/\/www.milbts.com\/BTS240\/daim\/","url":"http:\/\/www.milbts.com\/BTS240\/daim\/","name":"Daim - reco.gibier","isPartOf":{"@id":"http:\/\/www.milbts.com\/BTS240\/#website"},"datePublished":"2022-10-03T14:06:50+00:00","dateModified":"2022-11-28T14:39:56+00:00","breadcrumb":{"@id":"http:\/\/www.milbts.com\/BTS240\/daim\/#breadcrumb"},"inLanguage":"fr-FR","potentialAction":[{"@type":"ReadAction","target":["http:\/\/www.milbts.com\/BTS240\/daim\/"]}]},{"@type":"BreadcrumbList","@id":"http:\/\/www.milbts.com\/BTS240\/daim\/#breadcrumb","itemListElement":[{"@type":"ListItem","position":1,"name":"Accueil","item":"http:\/\/www.milbts.com\/BTS240\/"},{"@type":"ListItem","position":2,"name":"Daim"}]},{"@type":"WebSite","@id":"http:\/\/www.milbts.com\/BTS240\/#website","url":"http:\/\/www.milbts.com\/BTS240\/","name":"reco.gibier","description":"la reco du gibier pour meiux etre connecte a la for\u00eat","potentialAction":[{"@type":"SearchAction","target":{"@type":"EntryPoint","urlTemplate":"http:\/\/www.milbts.com\/BTS240\/?s={search_term_string}"},"query-input":"required name=search_term_string"}],"inLanguage":"fr-FR"}]}},"_links":{"self":[{"href":"http:\/\/www.milbts.com\/BTS240\/wp-json\/wp\/v2\/pages\/19"}],"collection":[{"href":"http:\/\/www.milbts.com\/BTS240\/wp-json\/wp\/v2\/pages"}],"about":[{"href":"http:\/\/www.milbts.com\/BTS240\/wp-json\/wp\/v2\/types\/page"}],"author":[{"embeddable":true,"href":"http:\/\/www.milbts.com\/BTS240\/wp-json\/wp\/v2\/users\/1"}],"replies":[{"embeddable":true,"href":"http:\/\/www.milbts.com\/BTS240\/wp-json\/wp\/v2\/comments?post=19"}],"version-history":[{"count":4,"href":"http:\/\/www.milbts.com\/BTS240\/wp-json\/wp\/v2\/pages\/19\/revisions"}],"predecessor-version":[{"id":40,"href":"http:\/\/www.milbts.com\/BTS240\/wp-json\/wp\/v2\/pages\/19\/revisions\/40"}],"wp:attachment":[{"href":"http:\/\/www.milbts.com\/BTS240\/wp-json\/wp\/v2\/media?parent=19"}],"curies":[{"name":"wp","href":"https:\/\/api.w.org\/{rel}","templated":true}]}}