{"id":17,"date":"2022-10-03T16:06:16","date_gmt":"2022-10-03T14:06:16","guid":{"rendered":"http:\/\/www.milbts.com\/BTS240\/?page_id=17"},"modified":"2023-01-23T16:16:52","modified_gmt":"2023-01-23T15:16:52","slug":"chevreuil","status":"publish","type":"page","link":"http:\/\/www.milbts.com\/BTS240\/chevreuil\/","title":{"rendered":"Chevreuil"},"content":{"rendered":"\n<p>Le terme \u00ab&nbsp;<strong>chevreuil<\/strong>&nbsp;\u00bb est un&nbsp;nom vernaculaire &nbsp;ambigu en fran\u00e7ais, pouvant d\u00e9signer plusieurs&nbsp;esp\u00e9ces&nbsp;diff\u00e9rentes d&rsquo;artiodactyles . Le chevreuil m\u00e2le est appel\u00e9 \u00ab&nbsp;brocard&nbsp;\u00bb lorsqu&rsquo;il a un an \u00e0 un an et demi et que ses bois ne sont pas ramifi\u00e9s. Le chevreuil seul porte des bois, mais il les perd \u00e0 l&rsquo;automne. La femelle du chevreuil est la chevrette. Elle ne porte pas de bois (une vieille chevrette st\u00e9rile est appel\u00e9e \u00ab&nbsp;br\u00e9haigne&nbsp;\u00bb). Le jeune chevreuil s&rsquo;appelle le \u00ab&nbsp;faon&nbsp;\u00bb (jusqu&rsquo;\u00e0 6 mois), puis \u00ab&nbsp;chevrillard&nbsp;\u00bb (de 6 \u00e0 12 mois).<\/p>\n\n\n\n<figure class=\"wp-block-image size-full\"><img loading=\"lazy\" decoding=\"async\" width=\"800\" height=\"600\" src=\"https:\/\/www.milbts.com\/BTS240\/wp-content\/uploads\/2022\/11\/image-1.png\" alt=\"\" class=\"wp-image-41\" srcset=\"http:\/\/www.milbts.com\/BTS240\/wp-content\/uploads\/2022\/11\/image-1.png 800w, http:\/\/www.milbts.com\/BTS240\/wp-content\/uploads\/2022\/11\/image-1-300x225.png 300w, http:\/\/www.milbts.com\/BTS240\/wp-content\/uploads\/2022\/11\/image-1-768x576.png 768w, http:\/\/www.milbts.com\/BTS240\/wp-content\/uploads\/2022\/11\/image-1-400x300.png 400w\" sizes=\"(max-width: 800px) 100vw, 800px\" \/><\/figure>\n\n\n\n<figure class=\"wp-block-image size-full\"><img loading=\"lazy\" decoding=\"async\" width=\"612\" height=\"321\" src=\"https:\/\/www.milbts.com\/BTS240\/wp-content\/uploads\/2023\/01\/image-7.png\" alt=\"\" class=\"wp-image-82\" srcset=\"http:\/\/www.milbts.com\/BTS240\/wp-content\/uploads\/2023\/01\/image-7.png 612w, http:\/\/www.milbts.com\/BTS240\/wp-content\/uploads\/2023\/01\/image-7-300x157.png 300w, http:\/\/www.milbts.com\/BTS240\/wp-content\/uploads\/2023\/01\/image-7-400x210.png 400w\" sizes=\"(max-width: 612px) 100vw, 612px\" \/><figcaption class=\"wp-element-caption\">On peut dfferencier le m\u00e2le de la femmele gr\u00e2ce a la t\u00e2che qu&rsquo;ils portent sur leurs fessiers une petite tache claire (blanche en hiver et jaun\u00e2tre en \u00e9t\u00e9), on la nomme \u00ab le miroir \u00bb ou \u00abla roze \u00bb.<\/figcaption><\/figure>\n\n\n\n<p><strong>taille de l&rsquo;animal:<\/strong> atteint \u00e0 l&rsquo;\u00e2ge adulte des tailles variant selon les individus, de 57 \u00e0 67\u00a0cm\u00a0(62 en moyenne) de hauteur au\u00a0garrot\u00a0pour les femelles et de 62 \u00e0 72\u00a0cm\u00a0(67 en moyenne) de hauteur au garrot pour les m\u00e2les, avec une longueur du corps de 90 \u00e0 105\u00a0cm\u00a0pour les femelles et de 105 \u00e0 120\u00a0cm\u00a0de long pour les m\u00e2les<\/p>\n\n\n\n<p><strong>Poids adulte<\/strong>: Son poids varie de 17&nbsp;kg&nbsp;\u00e0 23&nbsp;kg&nbsp;pour les femelles contre de 20&nbsp;kg&nbsp;\u00e0 25&nbsp;kg&nbsp;pour les m\u00e2les<\/p>\n\n\n\n<p><strong>Longueur des bois :<\/strong>Des longueurs qui peuvent atteindre les 40cm<\/p>\n\n\n\n<p><strong>Vitesse de pointe:<\/strong> Une vitesse de 40 kilom\u00e8tre heure peu \u00eatre exercer sur des longues distance des vitesse de pointes qui peuvent arriver sur des couts de 90 a 100 kilom\u00e8tre heure  <\/p>\n\n\n\n<h2 class=\"wp-block-heading\" id=\"saviez-vous-que\">Saviez-vous que ?<\/h2>\n\n\n\n<ul>\n<li>Le chevreuil a des grandes oreilles pour lui permettre de mieux saisir les sons \u00e0 une grande distance&nbsp;et que son&nbsp;<strong>odorat tr\u00e8s d\u00e9velopp\u00e9<\/strong>&nbsp;lui permet de compenser sa vue plut\u00f4t mauvaise&nbsp;?<\/li>\n\n\n\n<li>Les bois ne donnent que peu d\u2019indications sur l\u2019\u00e2ge de l\u2019animal&nbsp;? Il faut pour cela plut\u00f4t \u00e9tudier les dents de la m\u00e2choire inf\u00e9rieure.<\/li>\n\n\n\n<li>Gr\u00e2ce \u00e0 ses pattes arri\u00e8res plus longues que ses pattes ant\u00e9rieures,&nbsp;<strong>il peut faire des bonds remarquables&nbsp;<\/strong>? Il est aussi un excellent coureur et nageur.<\/li>\n\n\n\n<li>Les chevreuils ne brament pas mais&nbsp;<strong>aboient<\/strong>. Les faons, eux,&nbsp;<strong>piaulent<\/strong>.<\/li>\n\n\n\n<li>Lorsque les faons naissent, ils n\u2019ont&nbsp;<strong>pas d\u2019odeur corporelle<\/strong>&nbsp;? Cela afin de les prot\u00e9ger d\u2019un certain nombre de pr\u00e9dateurs qui rodent.<\/li>\n<\/ul>\n\n\n\n<p>De par sa taille, il est consid\u00e9r\u00e9 comme le plus petit&nbsp;cervid\u00e9&nbsp;d&rsquo;Europe.<\/p>\n","protected":false},"excerpt":{"rendered":"<p>Le terme \u00ab&nbsp;chevreuil&nbsp;\u00bb est un&nbsp;nom vernaculaire &nbsp;ambigu en fran\u00e7ais, pouvant d\u00e9signer plusieurs&nbsp;esp\u00e9ces&nbsp;diff\u00e9rentes d&rsquo;artiodactyles . Le chevreuil m\u00e2le est appel\u00e9 \u00ab&nbsp;brocard&nbsp;\u00bb lorsqu&rsquo;il a un an \u00e0 un an et demi et que ses bois ne sont pas ramifi\u00e9s. Le chevreuil seul porte des bois, mais il les perd \u00e0 l&rsquo;automne. La femelle du chevreuil est la [&hellip;]<\/p>\n","protected":false},"author":1,"featured_media":0,"parent":0,"menu_order":0,"comment_status":"closed","ping_status":"closed","template":"","meta":{"footnotes":""},"yoast_head":"<!-- This site is optimized with the Yoast SEO plugin v19.14 - https:\/\/yoast.com\/wordpress\/plugins\/seo\/ -->\n<title>Chevreuil - reco.gibier<\/title>\n<meta name=\"robots\" content=\"index, follow, max-snippet:-1, max-image-preview:large, max-video-preview:-1\" \/>\n<link rel=\"canonical\" href=\"http:\/\/www.milbts.com\/BTS240\/chevreuil\/\" \/>\n<meta property=\"og:locale\" content=\"fr_FR\" \/>\n<meta property=\"og:type\" content=\"article\" \/>\n<meta property=\"og:title\" content=\"Chevreuil - reco.gibier\" \/>\n<meta property=\"og:description\" content=\"Le terme \u00ab&nbsp;chevreuil&nbsp;\u00bb est un&nbsp;nom vernaculaire &nbsp;ambigu en fran\u00e7ais, pouvant d\u00e9signer plusieurs&nbsp;esp\u00e9ces&nbsp;diff\u00e9rentes d&rsquo;artiodactyles . Le chevreuil m\u00e2le est appel\u00e9 \u00ab&nbsp;brocard&nbsp;\u00bb lorsqu&rsquo;il a un an \u00e0 un an et demi et que ses bois ne sont pas ramifi\u00e9s. Le chevreuil seul porte des bois, mais il les perd \u00e0 l&rsquo;automne. La femelle du chevreuil est la [&hellip;]\" \/>\n<meta property=\"og:url\" content=\"http:\/\/www.milbts.com\/BTS240\/chevreuil\/\" \/>\n<meta property=\"og:site_name\" content=\"reco.gibier\" \/>\n<meta property=\"article:modified_time\" content=\"2023-01-23T15:16:52+00:00\" \/>\n<meta property=\"og:image\" content=\"https:\/\/www.milbts.com\/BTS240\/wp-content\/uploads\/2022\/11\/image-1.png\" \/>\n<meta name=\"twitter:card\" content=\"summary_large_image\" \/>\n<meta name=\"twitter:label1\" content=\"Dur\u00e9e de lecture estim\u00e9e\" \/>\n\t<meta name=\"twitter:data1\" content=\"3 minutes\" \/>\n<script type=\"application\/ld+json\" class=\"yoast-schema-graph\">{\"@context\":\"https:\/\/schema.org\",\"@graph\":[{\"@type\":\"WebPage\",\"@id\":\"http:\/\/www.milbts.com\/BTS240\/chevreuil\/\",\"url\":\"http:\/\/www.milbts.com\/BTS240\/chevreuil\/\",\"name\":\"Chevreuil - reco.gibier\",\"isPartOf\":{\"@id\":\"http:\/\/www.milbts.com\/BTS240\/#website\"},\"datePublished\":\"2022-10-03T14:06:16+00:00\",\"dateModified\":\"2023-01-23T15:16:52+00:00\",\"breadcrumb\":{\"@id\":\"http:\/\/www.milbts.com\/BTS240\/chevreuil\/#breadcrumb\"},\"inLanguage\":\"fr-FR\",\"potentialAction\":[{\"@type\":\"ReadAction\",\"target\":[\"http:\/\/www.milbts.com\/BTS240\/chevreuil\/\"]}]},{\"@type\":\"BreadcrumbList\",\"@id\":\"http:\/\/www.milbts.com\/BTS240\/chevreuil\/#breadcrumb\",\"itemListElement\":[{\"@type\":\"ListItem\",\"position\":1,\"name\":\"Accueil\",\"item\":\"http:\/\/www.milbts.com\/BTS240\/\"},{\"@type\":\"ListItem\",\"position\":2,\"name\":\"Chevreuil\"}]},{\"@type\":\"WebSite\",\"@id\":\"http:\/\/www.milbts.com\/BTS240\/#website\",\"url\":\"http:\/\/www.milbts.com\/BTS240\/\",\"name\":\"reco.gibier\",\"description\":\"la reco du gibier pour meiux etre connecte a la for\u00eat\",\"potentialAction\":[{\"@type\":\"SearchAction\",\"target\":{\"@type\":\"EntryPoint\",\"urlTemplate\":\"http:\/\/www.milbts.com\/BTS240\/?s={search_term_string}\"},\"query-input\":\"required name=search_term_string\"}],\"inLanguage\":\"fr-FR\"}]}<\/script>\n<!-- \/ Yoast SEO plugin. -->","yoast_head_json":{"title":"Chevreuil - reco.gibier","robots":{"index":"index","follow":"follow","max-snippet":"max-snippet:-1","max-image-preview":"max-image-preview:large","max-video-preview":"max-video-preview:-1"},"canonical":"http:\/\/www.milbts.com\/BTS240\/chevreuil\/","og_locale":"fr_FR","og_type":"article","og_title":"Chevreuil - reco.gibier","og_description":"Le terme \u00ab&nbsp;chevreuil&nbsp;\u00bb est un&nbsp;nom vernaculaire &nbsp;ambigu en fran\u00e7ais, pouvant d\u00e9signer plusieurs&nbsp;esp\u00e9ces&nbsp;diff\u00e9rentes d&rsquo;artiodactyles . Le chevreuil m\u00e2le est appel\u00e9 \u00ab&nbsp;brocard&nbsp;\u00bb lorsqu&rsquo;il a un an \u00e0 un an et demi et que ses bois ne sont pas ramifi\u00e9s. Le chevreuil seul porte des bois, mais il les perd \u00e0 l&rsquo;automne. La femelle du chevreuil est la [&hellip;]","og_url":"http:\/\/www.milbts.com\/BTS240\/chevreuil\/","og_site_name":"reco.gibier","article_modified_time":"2023-01-23T15:16:52+00:00","og_image":[{"url":"https:\/\/www.milbts.com\/BTS240\/wp-content\/uploads\/2022\/11\/image-1.png"}],"twitter_card":"summary_large_image","twitter_misc":{"Dur\u00e9e de lecture estim\u00e9e":"3 minutes"},"schema":{"@context":"https:\/\/schema.org","@graph":[{"@type":"WebPage","@id":"http:\/\/www.milbts.com\/BTS240\/chevreuil\/","url":"http:\/\/www.milbts.com\/BTS240\/chevreuil\/","name":"Chevreuil - reco.gibier","isPartOf":{"@id":"http:\/\/www.milbts.com\/BTS240\/#website"},"datePublished":"2022-10-03T14:06:16+00:00","dateModified":"2023-01-23T15:16:52+00:00","breadcrumb":{"@id":"http:\/\/www.milbts.com\/BTS240\/chevreuil\/#breadcrumb"},"inLanguage":"fr-FR","potentialAction":[{"@type":"ReadAction","target":["http:\/\/www.milbts.com\/BTS240\/chevreuil\/"]}]},{"@type":"BreadcrumbList","@id":"http:\/\/www.milbts.com\/BTS240\/chevreuil\/#breadcrumb","itemListElement":[{"@type":"ListItem","position":1,"name":"Accueil","item":"http:\/\/www.milbts.com\/BTS240\/"},{"@type":"ListItem","position":2,"name":"Chevreuil"}]},{"@type":"WebSite","@id":"http:\/\/www.milbts.com\/BTS240\/#website","url":"http:\/\/www.milbts.com\/BTS240\/","name":"reco.gibier","description":"la reco du gibier pour meiux etre connecte a la for\u00eat","potentialAction":[{"@type":"SearchAction","target":{"@type":"EntryPoint","urlTemplate":"http:\/\/www.milbts.com\/BTS240\/?s={search_term_string}"},"query-input":"required name=search_term_string"}],"inLanguage":"fr-FR"}]}},"_links":{"self":[{"href":"http:\/\/www.milbts.com\/BTS240\/wp-json\/wp\/v2\/pages\/17"}],"collection":[{"href":"http:\/\/www.milbts.com\/BTS240\/wp-json\/wp\/v2\/pages"}],"about":[{"href":"http:\/\/www.milbts.com\/BTS240\/wp-json\/wp\/v2\/types\/page"}],"author":[{"embeddable":true,"href":"http:\/\/www.milbts.com\/BTS240\/wp-json\/wp\/v2\/users\/1"}],"replies":[{"embeddable":true,"href":"http:\/\/www.milbts.com\/BTS240\/wp-json\/wp\/v2\/comments?post=17"}],"version-history":[{"count":4,"href":"http:\/\/www.milbts.com\/BTS240\/wp-json\/wp\/v2\/pages\/17\/revisions"}],"predecessor-version":[{"id":84,"href":"http:\/\/www.milbts.com\/BTS240\/wp-json\/wp\/v2\/pages\/17\/revisions\/84"}],"wp:attachment":[{"href":"http:\/\/www.milbts.com\/BTS240\/wp-json\/wp\/v2\/media?parent=17"}],"curies":[{"name":"wp","href":"https:\/\/api.w.org\/{rel}","templated":true}]}}