{"id":15,"date":"2022-10-03T16:06:02","date_gmt":"2022-10-03T14:06:02","guid":{"rendered":"http:\/\/www.milbts.com\/BTS240\/?page_id=15"},"modified":"2023-03-20T16:12:56","modified_gmt":"2023-03-20T15:12:56","slug":"sanglier","status":"publish","type":"page","link":"http:\/\/www.milbts.com\/BTS240\/sanglier\/","title":{"rendered":"Sanglier"},"content":{"rendered":"\n<p>Le&nbsp;sanglier d&rsquo;Europe,&nbsp;sanglier d&rsquo;Eurasie&nbsp;ou plus simplement&nbsp;sanglier&nbsp;(<em>Sus scrofa<\/em>), est une&nbsp;esp\u00e8ce&nbsp;de&nbsp;mammif\u00e8res omnivore,&nbsp;forestiers&nbsp;de la&nbsp;famille&nbsp;des&nbsp;Suid\u00e9s. Cette esp\u00e8ce abondamment chass\u00e9e est aussi consid\u00e9r\u00e9e comme une&nbsp;esp\u00e8ce ing\u00e9nieur , capable de d\u00e9velopper des strat\u00e9gies d&rsquo;adaptation \u00e0 la pression de chasse, ce qui lui conf\u00e8re parfois un caract\u00e8re&nbsp;envahissant. Des appellations sont donn\u00e9es en fonction de l&rsquo;\u00e2ge de l&rsquo;animal. <\/p>\n\n\n\n<figure class=\"wp-block-image size-full\"><img loading=\"lazy\" decoding=\"async\" width=\"406\" height=\"493\" src=\"https:\/\/www.milbts.com\/BTS240\/wp-content\/uploads\/2022\/12\/sanglier-.png\" alt=\"\" class=\"wp-image-46\" srcset=\"http:\/\/www.milbts.com\/BTS240\/wp-content\/uploads\/2022\/12\/sanglier-.png 406w, http:\/\/www.milbts.com\/BTS240\/wp-content\/uploads\/2022\/12\/sanglier--247x300.png 247w, http:\/\/www.milbts.com\/BTS240\/wp-content\/uploads\/2022\/12\/sanglier--400x486.png 400w\" sizes=\"(max-width: 406px) 100vw, 406px\" \/><\/figure>\n\n\n\n<p>-Le sanglier europ\u00e9en peut peser de 150&nbsp;\u00e0 160&nbsp;kg&nbsp;pour le m\u00e2le et 100&nbsp;kg&nbsp;pour la femelle environ<\/p>\n\n\n\n<p>-Sa longueur, de la t\u00eate et du corps varie de 1,10&nbsp;\u00e0 1,80&nbsp;m&nbsp;et sa hauteur au garrot de 0,60&nbsp;\u00e0 1,15&nbsp;m.<\/p>\n\n\n\n<figure class=\"wp-block-image size-full is-resized\"><img loading=\"lazy\" decoding=\"async\" src=\"https:\/\/www.milbts.com\/BTS240\/wp-content\/uploads\/2023\/02\/image.png\" alt=\"\" class=\"wp-image-88\" width=\"214\" height=\"109\"\/><figcaption class=\"wp-element-caption\">Les canines sont particuli\u00e8rement d\u00e9velopp\u00e9es. Celles de la m\u00e2choire sup\u00e9rieure, les gr\u00e8s, se recourbent vers le haut durant la croissance. La taille des m\u00e2les est plus importante que celle des femelles. En outre, les sujets pr\u00e9sents dans le sud de l&rsquo;Eurasie sont plus petits que ceux du nord et de l&rsquo;est<\/figcaption><\/figure>\n\n\n\n<figure class=\"wp-block-image size-full\"><img loading=\"lazy\" decoding=\"async\" width=\"220\" height=\"146\" src=\"https:\/\/www.milbts.com\/BTS240\/wp-content\/uploads\/2022\/12\/image.png\" alt=\"\" class=\"wp-image-49\"\/><figcaption class=\"wp-element-caption\">on peut reconnaitre le sanglier gr\u00e2ce a son empreinte que l&rsquo;on peut reconnaitre suivant, un \u00e9cartement bien pr\u00e9sent au bout de son sabot et que celui-ci forme u arrondi a l&rsquo;arri\u00e8re de l&#8217;empreinte de plus deux point sont pr\u00e9sent a l&rsquo;arri\u00e8re de ses sabot ce qui d\u00e9finit bien empreinte. <\/figcaption><\/figure>\n","protected":false},"excerpt":{"rendered":"<p>Le&nbsp;sanglier d&rsquo;Europe,&nbsp;sanglier d&rsquo;Eurasie&nbsp;ou plus simplement&nbsp;sanglier&nbsp;(Sus scrofa), est une&nbsp;esp\u00e8ce&nbsp;de&nbsp;mammif\u00e8res omnivore,&nbsp;forestiers&nbsp;de la&nbsp;famille&nbsp;des&nbsp;Suid\u00e9s. Cette esp\u00e8ce abondamment chass\u00e9e est aussi consid\u00e9r\u00e9e comme une&nbsp;esp\u00e8ce ing\u00e9nieur , capable de d\u00e9velopper des strat\u00e9gies d&rsquo;adaptation \u00e0 la pression de chasse, ce qui lui conf\u00e8re parfois un caract\u00e8re&nbsp;envahissant. Des appellations sont donn\u00e9es en fonction de l&rsquo;\u00e2ge de l&rsquo;animal. -Le sanglier europ\u00e9en peut peser de [&hellip;]<\/p>\n","protected":false},"author":1,"featured_media":0,"parent":0,"menu_order":0,"comment_status":"closed","ping_status":"closed","template":"","meta":{"footnotes":""},"yoast_head":"<!-- This site is optimized with the Yoast SEO plugin v19.14 - https:\/\/yoast.com\/wordpress\/plugins\/seo\/ -->\n<title>Sanglier - reco.gibier<\/title>\n<meta name=\"robots\" content=\"index, follow, max-snippet:-1, max-image-preview:large, max-video-preview:-1\" \/>\n<link rel=\"canonical\" href=\"http:\/\/www.milbts.com\/BTS240\/sanglier\/\" \/>\n<meta property=\"og:locale\" content=\"fr_FR\" \/>\n<meta property=\"og:type\" content=\"article\" \/>\n<meta property=\"og:title\" content=\"Sanglier - reco.gibier\" \/>\n<meta property=\"og:description\" content=\"Le&nbsp;sanglier d&rsquo;Europe,&nbsp;sanglier d&rsquo;Eurasie&nbsp;ou plus simplement&nbsp;sanglier&nbsp;(Sus scrofa), est une&nbsp;esp\u00e8ce&nbsp;de&nbsp;mammif\u00e8res omnivore,&nbsp;forestiers&nbsp;de la&nbsp;famille&nbsp;des&nbsp;Suid\u00e9s. Cette esp\u00e8ce abondamment chass\u00e9e est aussi consid\u00e9r\u00e9e comme une&nbsp;esp\u00e8ce ing\u00e9nieur , capable de d\u00e9velopper des strat\u00e9gies d&rsquo;adaptation \u00e0 la pression de chasse, ce qui lui conf\u00e8re parfois un caract\u00e8re&nbsp;envahissant. Des appellations sont donn\u00e9es en fonction de l&rsquo;\u00e2ge de l&rsquo;animal. -Le sanglier europ\u00e9en peut peser de [&hellip;]\" \/>\n<meta property=\"og:url\" content=\"http:\/\/www.milbts.com\/BTS240\/sanglier\/\" \/>\n<meta property=\"og:site_name\" content=\"reco.gibier\" \/>\n<meta property=\"article:modified_time\" content=\"2023-03-20T15:12:56+00:00\" \/>\n<meta property=\"og:image\" content=\"https:\/\/www.milbts.com\/BTS240\/wp-content\/uploads\/2022\/12\/sanglier-.png\" \/>\n<meta name=\"twitter:card\" content=\"summary_large_image\" \/>\n<meta name=\"twitter:label1\" content=\"Dur\u00e9e de lecture estim\u00e9e\" \/>\n\t<meta name=\"twitter:data1\" content=\"2 minutes\" \/>\n<script type=\"application\/ld+json\" class=\"yoast-schema-graph\">{\"@context\":\"https:\/\/schema.org\",\"@graph\":[{\"@type\":\"WebPage\",\"@id\":\"http:\/\/www.milbts.com\/BTS240\/sanglier\/\",\"url\":\"http:\/\/www.milbts.com\/BTS240\/sanglier\/\",\"name\":\"Sanglier - reco.gibier\",\"isPartOf\":{\"@id\":\"http:\/\/www.milbts.com\/BTS240\/#website\"},\"datePublished\":\"2022-10-03T14:06:02+00:00\",\"dateModified\":\"2023-03-20T15:12:56+00:00\",\"breadcrumb\":{\"@id\":\"http:\/\/www.milbts.com\/BTS240\/sanglier\/#breadcrumb\"},\"inLanguage\":\"fr-FR\",\"potentialAction\":[{\"@type\":\"ReadAction\",\"target\":[\"http:\/\/www.milbts.com\/BTS240\/sanglier\/\"]}]},{\"@type\":\"BreadcrumbList\",\"@id\":\"http:\/\/www.milbts.com\/BTS240\/sanglier\/#breadcrumb\",\"itemListElement\":[{\"@type\":\"ListItem\",\"position\":1,\"name\":\"Accueil\",\"item\":\"http:\/\/www.milbts.com\/BTS240\/\"},{\"@type\":\"ListItem\",\"position\":2,\"name\":\"Sanglier\"}]},{\"@type\":\"WebSite\",\"@id\":\"http:\/\/www.milbts.com\/BTS240\/#website\",\"url\":\"http:\/\/www.milbts.com\/BTS240\/\",\"name\":\"reco.gibier\",\"description\":\"la reco du gibier pour meiux etre connecte a la for\u00eat\",\"potentialAction\":[{\"@type\":\"SearchAction\",\"target\":{\"@type\":\"EntryPoint\",\"urlTemplate\":\"http:\/\/www.milbts.com\/BTS240\/?s={search_term_string}\"},\"query-input\":\"required name=search_term_string\"}],\"inLanguage\":\"fr-FR\"}]}<\/script>\n<!-- \/ Yoast SEO plugin. -->","yoast_head_json":{"title":"Sanglier - reco.gibier","robots":{"index":"index","follow":"follow","max-snippet":"max-snippet:-1","max-image-preview":"max-image-preview:large","max-video-preview":"max-video-preview:-1"},"canonical":"http:\/\/www.milbts.com\/BTS240\/sanglier\/","og_locale":"fr_FR","og_type":"article","og_title":"Sanglier - reco.gibier","og_description":"Le&nbsp;sanglier d&rsquo;Europe,&nbsp;sanglier d&rsquo;Eurasie&nbsp;ou plus simplement&nbsp;sanglier&nbsp;(Sus scrofa), est une&nbsp;esp\u00e8ce&nbsp;de&nbsp;mammif\u00e8res omnivore,&nbsp;forestiers&nbsp;de la&nbsp;famille&nbsp;des&nbsp;Suid\u00e9s. Cette esp\u00e8ce abondamment chass\u00e9e est aussi consid\u00e9r\u00e9e comme une&nbsp;esp\u00e8ce ing\u00e9nieur , capable de d\u00e9velopper des strat\u00e9gies d&rsquo;adaptation \u00e0 la pression de chasse, ce qui lui conf\u00e8re parfois un caract\u00e8re&nbsp;envahissant. Des appellations sont donn\u00e9es en fonction de l&rsquo;\u00e2ge de l&rsquo;animal. -Le sanglier europ\u00e9en peut peser de [&hellip;]","og_url":"http:\/\/www.milbts.com\/BTS240\/sanglier\/","og_site_name":"reco.gibier","article_modified_time":"2023-03-20T15:12:56+00:00","og_image":[{"url":"https:\/\/www.milbts.com\/BTS240\/wp-content\/uploads\/2022\/12\/sanglier-.png"}],"twitter_card":"summary_large_image","twitter_misc":{"Dur\u00e9e de lecture estim\u00e9e":"2 minutes"},"schema":{"@context":"https:\/\/schema.org","@graph":[{"@type":"WebPage","@id":"http:\/\/www.milbts.com\/BTS240\/sanglier\/","url":"http:\/\/www.milbts.com\/BTS240\/sanglier\/","name":"Sanglier - reco.gibier","isPartOf":{"@id":"http:\/\/www.milbts.com\/BTS240\/#website"},"datePublished":"2022-10-03T14:06:02+00:00","dateModified":"2023-03-20T15:12:56+00:00","breadcrumb":{"@id":"http:\/\/www.milbts.com\/BTS240\/sanglier\/#breadcrumb"},"inLanguage":"fr-FR","potentialAction":[{"@type":"ReadAction","target":["http:\/\/www.milbts.com\/BTS240\/sanglier\/"]}]},{"@type":"BreadcrumbList","@id":"http:\/\/www.milbts.com\/BTS240\/sanglier\/#breadcrumb","itemListElement":[{"@type":"ListItem","position":1,"name":"Accueil","item":"http:\/\/www.milbts.com\/BTS240\/"},{"@type":"ListItem","position":2,"name":"Sanglier"}]},{"@type":"WebSite","@id":"http:\/\/www.milbts.com\/BTS240\/#website","url":"http:\/\/www.milbts.com\/BTS240\/","name":"reco.gibier","description":"la reco du gibier pour meiux etre connecte a la for\u00eat","potentialAction":[{"@type":"SearchAction","target":{"@type":"EntryPoint","urlTemplate":"http:\/\/www.milbts.com\/BTS240\/?s={search_term_string}"},"query-input":"required name=search_term_string"}],"inLanguage":"fr-FR"}]}},"_links":{"self":[{"href":"http:\/\/www.milbts.com\/BTS240\/wp-json\/wp\/v2\/pages\/15"}],"collection":[{"href":"http:\/\/www.milbts.com\/BTS240\/wp-json\/wp\/v2\/pages"}],"about":[{"href":"http:\/\/www.milbts.com\/BTS240\/wp-json\/wp\/v2\/types\/page"}],"author":[{"embeddable":true,"href":"http:\/\/www.milbts.com\/BTS240\/wp-json\/wp\/v2\/users\/1"}],"replies":[{"embeddable":true,"href":"http:\/\/www.milbts.com\/BTS240\/wp-json\/wp\/v2\/comments?post=15"}],"version-history":[{"count":6,"href":"http:\/\/www.milbts.com\/BTS240\/wp-json\/wp\/v2\/pages\/15\/revisions"}],"predecessor-version":[{"id":96,"href":"http:\/\/www.milbts.com\/BTS240\/wp-json\/wp\/v2\/pages\/15\/revisions\/96"}],"wp:attachment":[{"href":"http:\/\/www.milbts.com\/BTS240\/wp-json\/wp\/v2\/media?parent=15"}],"curies":[{"name":"wp","href":"https:\/\/api.w.org\/{rel}","templated":true}]}}