{"id":13,"date":"2022-10-03T16:05:46","date_gmt":"2022-10-03T14:05:46","guid":{"rendered":"http:\/\/www.milbts.com\/BTS240\/?page_id=13"},"modified":"2023-01-16T15:31:21","modified_gmt":"2023-01-16T14:31:21","slug":"cerf","status":"publish","type":"page","link":"http:\/\/www.milbts.com\/BTS240\/cerf\/","title":{"rendered":"Cerf"},"content":{"rendered":"\n<p>Le cerf qui fait parti de la famille des cervid\u00e9 est le plus grand des animaux sauvages vivant en France. Il est soumis \u00e0 plan de chasse obligatoire. Les cerfs sont gr\u00e9gaires et vivent en hardes de plusieurs individus, dans de grands espaces ouverts pouvant aller jusqu&rsquo;\u00e0 plusieurs milliers d&rsquo;hectares.<\/p>\n\n\n\n<p><strong>Le cerf \u00e9laphe<\/strong>, ou cerf d\u2019Europe, est de la famille des Cervid\u00e9s. Il pr\u00e9sente un pelage brun-roux en \u00e9t\u00e9 et gris-brun en hiver, avec une ligne noire sur l\u2019\u00e9chine et une petite queue.<\/p>\n\n\n\n<p>Le poids des adultes va de 130 \u00e0 250 kg pour un m\u00e2le et de 90 \u00e0 130 kg pour une femelle. Celle-ci appel\u00e9e biche, donne naissance aux faons. Le faon na\u00eet couvert d\u2019un pelage brun clair tachet\u00e9 de blanc qu\u2019il perd vers l\u2019\u00e2ge de trois mois. La dur\u00e9e de vie des cerfs varie de 12 \u00e0 18 ans<\/p>\n\n\n\n<p><\/p>\n\n\n\n<figure class=\"wp-block-image size-large\"><img loading=\"lazy\" decoding=\"async\" width=\"1024\" height=\"579\" src=\"https:\/\/www.milbts.com\/BTS240\/wp-content\/uploads\/2023\/01\/image-1024x579.png\" alt=\"\" class=\"wp-image-56\" srcset=\"http:\/\/www.milbts.com\/BTS240\/wp-content\/uploads\/2023\/01\/image-1024x579.png 1024w, http:\/\/www.milbts.com\/BTS240\/wp-content\/uploads\/2023\/01\/image-300x170.png 300w, http:\/\/www.milbts.com\/BTS240\/wp-content\/uploads\/2023\/01\/image-768x434.png 768w, http:\/\/www.milbts.com\/BTS240\/wp-content\/uploads\/2023\/01\/image-400x226.png 400w, http:\/\/www.milbts.com\/BTS240\/wp-content\/uploads\/2023\/01\/image-800x452.png 800w, http:\/\/www.milbts.com\/BTS240\/wp-content\/uploads\/2023\/01\/image.png 1200w\" sizes=\"(max-width: 1024px) 100vw, 1024px\" \/><figcaption class=\"wp-element-caption\">voici une photo d&rsquo;un cerf lors du brame. L\u2019\u00e9poque du rut est particuli\u00e8rement remarquable chez le cerf&nbsp;car les m\u00e2les poussent un cri impressionnant appel\u00e9 \u00ab&nbsp;brame&nbsp;\u00bb ou \u00ab&nbsp;raire&nbsp;\u00bb. Il sert de parade nuptiale pour attirer les femelles <\/figcaption><\/figure>\n\n\n\n<figure class=\"wp-block-image size-large\"><img loading=\"lazy\" decoding=\"async\" width=\"1024\" height=\"579\" src=\"https:\/\/www.milbts.com\/BTS240\/wp-content\/uploads\/2023\/01\/image-1-1024x579.png\" alt=\"\" class=\"wp-image-57\" srcset=\"http:\/\/www.milbts.com\/BTS240\/wp-content\/uploads\/2023\/01\/image-1-1024x579.png 1024w, http:\/\/www.milbts.com\/BTS240\/wp-content\/uploads\/2023\/01\/image-1-300x170.png 300w, http:\/\/www.milbts.com\/BTS240\/wp-content\/uploads\/2023\/01\/image-1-768x434.png 768w, http:\/\/www.milbts.com\/BTS240\/wp-content\/uploads\/2023\/01\/image-1-400x226.png 400w, http:\/\/www.milbts.com\/BTS240\/wp-content\/uploads\/2023\/01\/image-1-800x452.png 800w, http:\/\/www.milbts.com\/BTS240\/wp-content\/uploads\/2023\/01\/image-1.png 1200w\" sizes=\"(max-width: 1024px) 100vw, 1024px\" \/><figcaption class=\"wp-element-caption\">&nbsp;Un cerf est dit \u00ab&nbsp;mulet&nbsp;\u00bb lorsqu\u2019il a perdu ses deux bois et est en phase de repousse. <br> <\/figcaption><\/figure>\n\n\n\n<figure class=\"wp-block-image size-large\"><img loading=\"lazy\" decoding=\"async\" width=\"1024\" height=\"579\" src=\"https:\/\/www.milbts.com\/BTS240\/wp-content\/uploads\/2023\/01\/image-2-1024x579.png\" alt=\"\" class=\"wp-image-58\" srcset=\"http:\/\/www.milbts.com\/BTS240\/wp-content\/uploads\/2023\/01\/image-2-1024x579.png 1024w, http:\/\/www.milbts.com\/BTS240\/wp-content\/uploads\/2023\/01\/image-2-300x170.png 300w, http:\/\/www.milbts.com\/BTS240\/wp-content\/uploads\/2023\/01\/image-2-768x434.png 768w, http:\/\/www.milbts.com\/BTS240\/wp-content\/uploads\/2023\/01\/image-2-400x226.png 400w, http:\/\/www.milbts.com\/BTS240\/wp-content\/uploads\/2023\/01\/image-2-800x452.png 800w, http:\/\/www.milbts.com\/BTS240\/wp-content\/uploads\/2023\/01\/image-2.png 1200w\" sizes=\"(max-width: 1024px) 100vw, 1024px\" \/><\/figure>\n\n\n\n<p>Ce cerf est appel\u00e9 un daguet, un daguet est un jeune cerf on appelle ainsi car il que des dagues sur la t\u00e8te comme on peu voir ci dessus et pas encore de bois ramifi\u00e9s c&rsquo;est souvent sa premi\u00e8re t\u00eate c&rsquo;est a dire son premier troph\u00e9e. Les m\u00e2les sont dit \u00ab&nbsp;h\u00e8re&nbsp;\u00bb jusqu\u2019\u00e0 8 mois puis daguet et cerf au del\u00e0 de deux ans. On d\u00e9signe les m\u00e2les par le nombre de ramifications de leurs bois, par exemple, un \u00ab&nbsp;<strong>cerf dix cors<\/strong>&nbsp;\u00bb est un cerf qui porte 5 andouillets sur chaque merrain<\/p>\n","protected":false},"excerpt":{"rendered":"<p>Le cerf qui fait parti de la famille des cervid\u00e9 est le plus grand des animaux sauvages vivant en France. Il est soumis \u00e0 plan de chasse obligatoire. Les cerfs sont gr\u00e9gaires et vivent en hardes de plusieurs individus, dans de grands espaces ouverts pouvant aller jusqu&rsquo;\u00e0 plusieurs milliers d&rsquo;hectares. Le cerf \u00e9laphe, ou cerf [&hellip;]<\/p>\n","protected":false},"author":1,"featured_media":0,"parent":0,"menu_order":0,"comment_status":"closed","ping_status":"closed","template":"","meta":{"footnotes":""},"yoast_head":"<!-- This site is optimized with the Yoast SEO plugin v19.14 - https:\/\/yoast.com\/wordpress\/plugins\/seo\/ -->\n<title>Cerf - reco.gibier<\/title>\n<meta name=\"robots\" content=\"index, follow, max-snippet:-1, max-image-preview:large, max-video-preview:-1\" \/>\n<link rel=\"canonical\" href=\"http:\/\/www.milbts.com\/BTS240\/cerf\/\" \/>\n<meta property=\"og:locale\" content=\"fr_FR\" \/>\n<meta property=\"og:type\" content=\"article\" \/>\n<meta property=\"og:title\" content=\"Cerf - reco.gibier\" \/>\n<meta property=\"og:description\" content=\"Le cerf qui fait parti de la famille des cervid\u00e9 est le plus grand des animaux sauvages vivant en France. Il est soumis \u00e0 plan de chasse obligatoire. Les cerfs sont gr\u00e9gaires et vivent en hardes de plusieurs individus, dans de grands espaces ouverts pouvant aller jusqu&rsquo;\u00e0 plusieurs milliers d&rsquo;hectares. Le cerf \u00e9laphe, ou cerf [&hellip;]\" \/>\n<meta property=\"og:url\" content=\"http:\/\/www.milbts.com\/BTS240\/cerf\/\" \/>\n<meta property=\"og:site_name\" content=\"reco.gibier\" \/>\n<meta property=\"article:modified_time\" content=\"2023-01-16T14:31:21+00:00\" \/>\n<meta property=\"og:image\" content=\"https:\/\/www.milbts.com\/BTS240\/wp-content\/uploads\/2023\/01\/image-1024x579.png\" \/>\n<meta name=\"twitter:card\" content=\"summary_large_image\" \/>\n<meta name=\"twitter:label1\" content=\"Dur\u00e9e de lecture estim\u00e9e\" \/>\n\t<meta name=\"twitter:data1\" content=\"2 minutes\" \/>\n<script type=\"application\/ld+json\" class=\"yoast-schema-graph\">{\"@context\":\"https:\/\/schema.org\",\"@graph\":[{\"@type\":\"WebPage\",\"@id\":\"http:\/\/www.milbts.com\/BTS240\/cerf\/\",\"url\":\"http:\/\/www.milbts.com\/BTS240\/cerf\/\",\"name\":\"Cerf - reco.gibier\",\"isPartOf\":{\"@id\":\"http:\/\/www.milbts.com\/BTS240\/#website\"},\"datePublished\":\"2022-10-03T14:05:46+00:00\",\"dateModified\":\"2023-01-16T14:31:21+00:00\",\"breadcrumb\":{\"@id\":\"http:\/\/www.milbts.com\/BTS240\/cerf\/#breadcrumb\"},\"inLanguage\":\"fr-FR\",\"potentialAction\":[{\"@type\":\"ReadAction\",\"target\":[\"http:\/\/www.milbts.com\/BTS240\/cerf\/\"]}]},{\"@type\":\"BreadcrumbList\",\"@id\":\"http:\/\/www.milbts.com\/BTS240\/cerf\/#breadcrumb\",\"itemListElement\":[{\"@type\":\"ListItem\",\"position\":1,\"name\":\"Accueil\",\"item\":\"http:\/\/www.milbts.com\/BTS240\/\"},{\"@type\":\"ListItem\",\"position\":2,\"name\":\"Cerf\"}]},{\"@type\":\"WebSite\",\"@id\":\"http:\/\/www.milbts.com\/BTS240\/#website\",\"url\":\"http:\/\/www.milbts.com\/BTS240\/\",\"name\":\"reco.gibier\",\"description\":\"la reco du gibier pour meiux etre connecte a la for\u00eat\",\"potentialAction\":[{\"@type\":\"SearchAction\",\"target\":{\"@type\":\"EntryPoint\",\"urlTemplate\":\"http:\/\/www.milbts.com\/BTS240\/?s={search_term_string}\"},\"query-input\":\"required name=search_term_string\"}],\"inLanguage\":\"fr-FR\"}]}<\/script>\n<!-- \/ Yoast SEO plugin. -->","yoast_head_json":{"title":"Cerf - reco.gibier","robots":{"index":"index","follow":"follow","max-snippet":"max-snippet:-1","max-image-preview":"max-image-preview:large","max-video-preview":"max-video-preview:-1"},"canonical":"http:\/\/www.milbts.com\/BTS240\/cerf\/","og_locale":"fr_FR","og_type":"article","og_title":"Cerf - reco.gibier","og_description":"Le cerf qui fait parti de la famille des cervid\u00e9 est le plus grand des animaux sauvages vivant en France. Il est soumis \u00e0 plan de chasse obligatoire. Les cerfs sont gr\u00e9gaires et vivent en hardes de plusieurs individus, dans de grands espaces ouverts pouvant aller jusqu&rsquo;\u00e0 plusieurs milliers d&rsquo;hectares. Le cerf \u00e9laphe, ou cerf [&hellip;]","og_url":"http:\/\/www.milbts.com\/BTS240\/cerf\/","og_site_name":"reco.gibier","article_modified_time":"2023-01-16T14:31:21+00:00","og_image":[{"url":"https:\/\/www.milbts.com\/BTS240\/wp-content\/uploads\/2023\/01\/image-1024x579.png"}],"twitter_card":"summary_large_image","twitter_misc":{"Dur\u00e9e de lecture estim\u00e9e":"2 minutes"},"schema":{"@context":"https:\/\/schema.org","@graph":[{"@type":"WebPage","@id":"http:\/\/www.milbts.com\/BTS240\/cerf\/","url":"http:\/\/www.milbts.com\/BTS240\/cerf\/","name":"Cerf - reco.gibier","isPartOf":{"@id":"http:\/\/www.milbts.com\/BTS240\/#website"},"datePublished":"2022-10-03T14:05:46+00:00","dateModified":"2023-01-16T14:31:21+00:00","breadcrumb":{"@id":"http:\/\/www.milbts.com\/BTS240\/cerf\/#breadcrumb"},"inLanguage":"fr-FR","potentialAction":[{"@type":"ReadAction","target":["http:\/\/www.milbts.com\/BTS240\/cerf\/"]}]},{"@type":"BreadcrumbList","@id":"http:\/\/www.milbts.com\/BTS240\/cerf\/#breadcrumb","itemListElement":[{"@type":"ListItem","position":1,"name":"Accueil","item":"http:\/\/www.milbts.com\/BTS240\/"},{"@type":"ListItem","position":2,"name":"Cerf"}]},{"@type":"WebSite","@id":"http:\/\/www.milbts.com\/BTS240\/#website","url":"http:\/\/www.milbts.com\/BTS240\/","name":"reco.gibier","description":"la reco du gibier pour meiux etre connecte a la for\u00eat","potentialAction":[{"@type":"SearchAction","target":{"@type":"EntryPoint","urlTemplate":"http:\/\/www.milbts.com\/BTS240\/?s={search_term_string}"},"query-input":"required name=search_term_string"}],"inLanguage":"fr-FR"}]}},"_links":{"self":[{"href":"http:\/\/www.milbts.com\/BTS240\/wp-json\/wp\/v2\/pages\/13"}],"collection":[{"href":"http:\/\/www.milbts.com\/BTS240\/wp-json\/wp\/v2\/pages"}],"about":[{"href":"http:\/\/www.milbts.com\/BTS240\/wp-json\/wp\/v2\/types\/page"}],"author":[{"embeddable":true,"href":"http:\/\/www.milbts.com\/BTS240\/wp-json\/wp\/v2\/users\/1"}],"replies":[{"embeddable":true,"href":"http:\/\/www.milbts.com\/BTS240\/wp-json\/wp\/v2\/comments?post=13"}],"version-history":[{"count":6,"href":"http:\/\/www.milbts.com\/BTS240\/wp-json\/wp\/v2\/pages\/13\/revisions"}],"predecessor-version":[{"id":74,"href":"http:\/\/www.milbts.com\/BTS240\/wp-json\/wp\/v2\/pages\/13\/revisions\/74"}],"wp:attachment":[{"href":"http:\/\/www.milbts.com\/BTS240\/wp-json\/wp\/v2\/media?parent=13"}],"curies":[{"name":"wp","href":"https:\/\/api.w.org\/{rel}","templated":true}]}}